{"id":11,"date":"2021-08-18T14:52:29","date_gmt":"2021-08-18T14:52:29","guid":{"rendered":"https:\/\/dentsu.com.do\/2.0\/?page_id=11"},"modified":"2025-03-26T14:13:39","modified_gmt":"2025-03-26T14:13:39","slug":"dentsu-dominicana","status":"publish","type":"page","link":"https:\/\/dentsu.com.do\/en\/nosotros\/dentsu-dominicana\/","title":{"rendered":"Dentsu Dominicana"},"content":{"rendered":"<div data-elementor-type=\"wp-page\" data-elementor-id=\"11\" class=\"elementor elementor-11\" data-elementor-post-type=\"page\">\n\t\t\t\t\t\t<section class=\"elementor-section elementor-top-section elementor-element elementor-element-100654a elementor-section-boxed elementor-section-height-default elementor-section-height-default\" data-id=\"100654a\" data-element_type=\"section\">\n\t\t\t\t\t\t<div class=\"elementor-container elementor-column-gap-default\">\n\t\t\t\t\t<div class=\"elementor-column elementor-col-50 elementor-top-column elementor-element elementor-element-5f11b96\" data-id=\"5f11b96\" data-element_type=\"column\">\n\t\t\t<div class=\"elementor-widget-wrap elementor-element-populated\">\n\t\t\t\t\t\t<div class=\"elementor-element elementor-element-e786e62 elementor-widget elementor-widget-heading\" data-id=\"e786e62\" data-element_type=\"widget\" data-widget_type=\"heading.default\">\n\t\t\t\t<div class=\"elementor-widget-container\">\n\t\t\t\t\t<h3 class=\"elementor-heading-title elementor-size-default\">Dentsu Global<\/h3>\t\t\t\t<\/div>\n\t\t\t\t<\/div>\n\t\t\t\t<div class=\"elementor-element elementor-element-a984eb3 elementor-widget elementor-widget-text-editor\" data-id=\"a984eb3\" data-element_type=\"widget\" data-widget_type=\"text-editor.default\">\n\t\t\t\t<div class=\"elementor-widget-container\">\n\t\t\t\t\t\t\t\t\tDentsu opens its doors in the Dominican Republic in 2014 as part of the Dentsu Aegis Network dedicated to innovating the ways in which brands are built.\n<br>\n<br>\n\"Good Innovation,\" the Dentsu Group's corporate philosophy, embodies a strong determination to create new values and guide the reform process both within the Group and within society at large. Dentsu, which aims to serve its customers by offering solutions that respond to the challenges posed by changes in society, the environment, and consumer lifestyles, offers a diverse range of services that are tailored to a problem-solving partner.\t\t\t\t\t\t\t\t<\/div>\n\t\t\t\t<\/div>\n\t\t\t\t\t<\/div>\n\t\t<\/div>\n\t\t\t\t<div class=\"elementor-column elementor-col-50 elementor-top-column elementor-element elementor-element-2bf20b3\" data-id=\"2bf20b3\" data-element_type=\"column\">\n\t\t\t<div class=\"elementor-widget-wrap elementor-element-populated\">\n\t\t\t\t\t\t<div class=\"elementor-element elementor-element-d27e837 elementor-widget elementor-widget-image\" data-id=\"d27e837\" data-element_type=\"widget\" data-widget_type=\"image.default\">\n\t\t\t\t<div class=\"elementor-widget-container\">\n\t\t\t\t\t\t\t\t\t\t\t\t\t\t\t<img fetchpriority=\"high\" decoding=\"async\" width=\"418\" height=\"418\" src=\"https:\/\/dentsu.com.do\/wp-content\/uploads\/2021\/08\/globe_1.png\" class=\"attachment-large size-large wp-image-889\" alt=\"Dentsu Globe Map\" srcset=\"https:\/\/dentsu.com.do\/wp-content\/uploads\/2021\/08\/globe_1.png 418w, https:\/\/dentsu.com.do\/wp-content\/uploads\/2021\/08\/globe_1-300x300.png 300w, https:\/\/dentsu.com.do\/wp-content\/uploads\/2021\/08\/globe_1-150x150.png 150w\" sizes=\"(max-width: 418px) 100vw, 418px\" \/>\t\t\t\t\t\t\t\t\t\t\t\t\t\t\t<\/div>\n\t\t\t\t<\/div>\n\t\t\t\t\t<\/div>\n\t\t<\/div>\n\t\t\t\t\t<\/div>\n\t\t<\/section>\n\t\t\t\t<section class=\"elementor-section elementor-top-section elementor-element elementor-element-d3fb8fb elementor-reverse-mobile elementor-section-boxed elementor-section-height-default elementor-section-height-default\" data-id=\"d3fb8fb\" data-element_type=\"section\" data-settings=\"{&quot;background_background&quot;:&quot;classic&quot;}\">\n\t\t\t\t\t\t<div class=\"elementor-container elementor-column-gap-default\">\n\t\t\t\t\t<div class=\"elementor-column elementor-col-50 elementor-top-column elementor-element elementor-element-ac22cd4\" data-id=\"ac22cd4\" data-element_type=\"column\">\n\t\t\t<div class=\"elementor-widget-wrap elementor-element-populated\">\n\t\t\t\t\t\t<div class=\"elementor-element elementor-element-bd19b67 elementor-widget elementor-widget-image\" data-id=\"bd19b67\" data-element_type=\"widget\" data-widget_type=\"image.default\">\n\t\t\t\t<div class=\"elementor-widget-container\">\n\t\t\t\t\t\t\t\t\t\t\t\t\t\t\t<img decoding=\"async\" width=\"800\" height=\"534\" src=\"https:\/\/dentsu.com.do\/wp-content\/uploads\/2021\/08\/dr-map-1-1024x683.png\" class=\"attachment-large size-large wp-image-925\" alt=\"Dominican Republic Map\" srcset=\"https:\/\/dentsu.com.do\/wp-content\/uploads\/2021\/08\/dr-map-1-1024x683.png 1024w, https:\/\/dentsu.com.do\/wp-content\/uploads\/2021\/08\/dr-map-1-300x200.png 300w, https:\/\/dentsu.com.do\/wp-content\/uploads\/2021\/08\/dr-map-1-768x512.png 768w, https:\/\/dentsu.com.do\/wp-content\/uploads\/2021\/08\/dr-map-1.png 1470w\" sizes=\"(max-width: 800px) 100vw, 800px\" \/>\t\t\t\t\t\t\t\t\t\t\t\t\t\t\t<\/div>\n\t\t\t\t<\/div>\n\t\t\t\t\t<\/div>\n\t\t<\/div>\n\t\t\t\t<div class=\"elementor-column elementor-col-50 elementor-top-column elementor-element elementor-element-d59e114\" data-id=\"d59e114\" data-element_type=\"column\">\n\t\t\t<div class=\"elementor-widget-wrap elementor-element-populated\">\n\t\t\t\t\t\t<div class=\"elementor-element elementor-element-4302a68 elementor-widget elementor-widget-heading\" data-id=\"4302a68\" data-element_type=\"widget\" data-widget_type=\"heading.default\">\n\t\t\t\t<div class=\"elementor-widget-container\">\n\t\t\t\t\t<h3 class=\"elementor-heading-title elementor-size-default\">Dentsu Dominicana<\/h3>\t\t\t\t<\/div>\n\t\t\t\t<\/div>\n\t\t\t\t<div class=\"elementor-element elementor-element-4dcbcdb elementor-widget elementor-widget-text-editor\" data-id=\"4dcbcdb\" data-element_type=\"widget\" data-widget_type=\"text-editor.default\">\n\t\t\t\t<div class=\"elementor-widget-container\">\n\t\t\t\t\t\t\t\t\tDentsu opened its doors in the Dominican Republic in 2014 as part of the Dentsu Aegis Network. Specializing in digital, creative and multimedia, it is a network dedicated to innovating the ways in which brands are built.\n<br>\n<br>\nBoth in the local and regional market we have a complete network that allows us to realize all the opportunities that come our way. This includes our own tools as well as strategic alliances that allow us to provide better results to our customers.\t\t\t\t\t\t\t\t<\/div>\n\t\t\t\t<\/div>\n\t\t\t\t\t<\/div>\n\t\t<\/div>\n\t\t\t\t\t<\/div>\n\t\t<\/section>\n\t\t\t\t<section class=\"elementor-section elementor-top-section elementor-element elementor-element-46763a1 elementor-section-boxed elementor-section-height-default elementor-section-height-default\" data-id=\"46763a1\" data-element_type=\"section\">\n\t\t\t\t\t\t<div class=\"elementor-container elementor-column-gap-default\">\n\t\t\t\t\t<div class=\"elementor-column elementor-col-50 elementor-top-column elementor-element elementor-element-fbc0324\" data-id=\"fbc0324\" data-element_type=\"column\">\n\t\t\t<div class=\"elementor-widget-wrap elementor-element-populated\">\n\t\t\t\t\t\t<div class=\"elementor-element elementor-element-46f29df elementor-widget elementor-widget-heading\" data-id=\"46f29df\" data-element_type=\"widget\" data-widget_type=\"heading.default\">\n\t\t\t\t<div class=\"elementor-widget-container\">\n\t\t\t\t\t<h3 class=\"elementor-heading-title elementor-size-default\">Formamos parte de All Media Grupo de Comunicaciones<\/h3>\t\t\t\t<\/div>\n\t\t\t\t<\/div>\n\t\t\t\t<div class=\"elementor-element elementor-element-3525f11 elementor-widget elementor-widget-text-editor\" data-id=\"3525f11\" data-element_type=\"widget\" data-widget_type=\"text-editor.default\">\n\t\t\t\t<div class=\"elementor-widget-container\">\n\t\t\t\t\t\t\t\t\t<p>Un grupo apasionado por la communicacion y la publicidad, comprometidos en ofrecer soluciones 360 que marcan la diferencia<\/p><p><span data-teams=\"true\">\u00a0<\/span><\/p>\t\t\t\t\t\t\t\t<\/div>\n\t\t\t\t<\/div>\n\t\t\t\t<div class=\"elementor-element elementor-element-a1b37b6 elementor-widget elementor-widget-button\" data-id=\"a1b37b6\" data-element_type=\"widget\" data-widget_type=\"button.default\">\n\t\t\t\t<div class=\"elementor-widget-container\">\n\t\t\t\t\t\t\t\t\t<div class=\"elementor-button-wrapper\">\n\t\t\t\t\t<a class=\"elementor-button elementor-button-link elementor-size-sm\" href=\"https:\/\/allmedia.com.do\/briefs\/\" target=\"_blank\">\n\t\t\t\t\t\t<span class=\"elementor-button-content-wrapper\">\n\t\t\t\t\t\t<span class=\"elementor-button-icon\">\n\t\t\t\t<i aria-hidden=\"true\" class=\"icon icon-chevron-right\"><\/i>\t\t\t<\/span>\n\t\t\t\t\t\t\t\t\t<span class=\"elementor-button-text\">View Website<\/span>\n\t\t\t\t\t<\/span>\n\t\t\t\t\t<\/a>\n\t\t\t\t<\/div>\n\t\t\t\t\t\t\t\t<\/div>\n\t\t\t\t<\/div>\n\t\t\t\t\t<\/div>\n\t\t<\/div>\n\t\t\t\t<div class=\"elementor-column elementor-col-50 elementor-top-column elementor-element elementor-element-59ace05\" data-id=\"59ace05\" data-element_type=\"column\">\n\t\t\t<div class=\"elementor-widget-wrap elementor-element-populated\">\n\t\t\t\t\t\t<div class=\"elementor-element elementor-element-52a9a1c elementor-widget elementor-widget-image-carousel\" data-id=\"52a9a1c\" data-element_type=\"widget\" data-settings=\"{&quot;slides_to_show&quot;:&quot;1&quot;,&quot;navigation&quot;:&quot;none&quot;,&quot;autoplay_speed&quot;:1000,&quot;speed&quot;:2000,&quot;autoplay&quot;:&quot;yes&quot;,&quot;pause_on_interaction&quot;:&quot;yes&quot;,&quot;infinite&quot;:&quot;yes&quot;,&quot;effect&quot;:&quot;slide&quot;}\" data-widget_type=\"image-carousel.default\">\n\t\t\t\t<div class=\"elementor-widget-container\">\n\t\t\t\t\t\t\t<div class=\"elementor-image-carousel-wrapper swiper\" role=\"region\" aria-roledescription=\"carousel\" aria-label=\"Carrusel de im\u00e1genes\" dir=\"ltr\">\n\t\t\t<div class=\"elementor-image-carousel swiper-wrapper\" aria-live=\"off\">\n\t\t\t\t\t\t\t\t<div class=\"swiper-slide\" role=\"group\" aria-roledescription=\"slide\" aria-label=\"1 de 4\"><figure class=\"swiper-slide-inner\"><img decoding=\"async\" class=\"swiper-slide-image\" src=\"https:\/\/dentsu.com.do\/wp-content\/uploads\/2025\/03\/Frame-2-300x300.png\" alt=\"Frame 2\" \/><\/figure><\/div><div class=\"swiper-slide\" role=\"group\" aria-roledescription=\"slide\" aria-label=\"2 de 4\"><figure class=\"swiper-slide-inner\"><img decoding=\"async\" class=\"swiper-slide-image\" src=\"https:\/\/dentsu.com.do\/wp-content\/uploads\/2025\/03\/Frame-3-300x300.png\" alt=\"Frame 3\" \/><\/figure><\/div><div class=\"swiper-slide\" role=\"group\" aria-roledescription=\"slide\" aria-label=\"3 de 4\"><figure class=\"swiper-slide-inner\"><img decoding=\"async\" class=\"swiper-slide-image\" src=\"https:\/\/dentsu.com.do\/wp-content\/uploads\/2025\/03\/Frame-4-300x300.png\" alt=\"Frame 4\" \/><\/figure><\/div><div class=\"swiper-slide\" role=\"group\" aria-roledescription=\"slide\" aria-label=\"4 de 4\"><figure class=\"swiper-slide-inner\"><img decoding=\"async\" class=\"swiper-slide-image\" src=\"https:\/\/dentsu.com.do\/wp-content\/uploads\/2025\/03\/Frame-5-300x300.png\" alt=\"Frame 5\" \/><\/figure><\/div>\t\t\t<\/div>\n\t\t\t\t\t\t\t\n\t\t\t\t\t\t\t\t\t<\/div>\n\t\t\t\t\t\t<\/div>\n\t\t\t\t<\/div>\n\t\t\t\t\t<\/div>\n\t\t<\/div>\n\t\t\t\t\t<\/div>\n\t\t<\/section>\n\t\t\t\t<\/div>","protected":false},"excerpt":{"rendered":"<p>Dentsu Global Una de las agencias m\u00e1s grandes en el mundo, Dentsu tiene su base en Jap\u00f3n con presencia en m\u00e1s de 140 paises y cuenta con m\u00e1s de 47,000 colaboradores a nivel mundial. \u00abBuena Innovaci\u00f3n\u00bb, la filosof\u00eda corporativa del Grupo Dentsu, encarna una fuerte determinaci\u00f3n para crear nuevos valores y guiar el proceso de [&hellip;]<\/p>","protected":false},"author":1,"featured_media":3999,"parent":875,"menu_order":0,"comment_status":"closed","ping_status":"closed","template":"single-page.php","meta":{"inline_featured_image":false,"footnotes":""},"class_list":["post-11","page","type-page","status-publish","has-post-thumbnail","hentry"],"amp_enabled":true,"_links":{"self":[{"href":"https:\/\/dentsu.com.do\/en\/wp-json\/wp\/v2\/pages\/11","targetHints":{"allow":["GET"]}}],"collection":[{"href":"https:\/\/dentsu.com.do\/en\/wp-json\/wp\/v2\/pages"}],"about":[{"href":"https:\/\/dentsu.com.do\/en\/wp-json\/wp\/v2\/types\/page"}],"author":[{"embeddable":true,"href":"https:\/\/dentsu.com.do\/en\/wp-json\/wp\/v2\/users\/1"}],"replies":[{"embeddable":true,"href":"https:\/\/dentsu.com.do\/en\/wp-json\/wp\/v2\/comments?post=11"}],"version-history":[{"count":31,"href":"https:\/\/dentsu.com.do\/en\/wp-json\/wp\/v2\/pages\/11\/revisions"}],"predecessor-version":[{"id":6656,"href":"https:\/\/dentsu.com.do\/en\/wp-json\/wp\/v2\/pages\/11\/revisions\/6656"}],"up":[{"embeddable":true,"href":"https:\/\/dentsu.com.do\/en\/wp-json\/wp\/v2\/pages\/875"}],"wp:featuredmedia":[{"embeddable":true,"href":"https:\/\/dentsu.com.do\/en\/wp-json\/wp\/v2\/media\/3999"}],"wp:attachment":[{"href":"https:\/\/dentsu.com.do\/en\/wp-json\/wp\/v2\/media?parent=11"}],"curies":[{"name":"wp","href":"https:\/\/api.w.org\/{rel}","templated":true}]}}