{"id":18,"date":"2021-08-18T14:55:21","date_gmt":"2021-08-18T14:55:21","guid":{"rendered":"https:\/\/dentsu.com.do\/2.0\/?page_id=18"},"modified":"2025-12-03T20:21:47","modified_gmt":"2025-12-03T20:21:47","slug":"servicios","status":"publish","type":"page","link":"https:\/\/dentsu.com.do\/en\/servicios\/","title":{"rendered":"Services"},"content":{"rendered":"<div data-elementor-type=\"wp-page\" data-elementor-id=\"18\" class=\"elementor elementor-18\" data-elementor-post-type=\"page\">\n\t\t\t\t\t\t<section class=\"elementor-section elementor-top-section elementor-element elementor-element-6624c32 elementor-section-boxed elementor-section-height-default elementor-section-height-default\" data-id=\"6624c32\" data-element_type=\"section\">\n\t\t\t\t\t\t<div class=\"elementor-container elementor-column-gap-default\">\n\t\t\t\t\t<div class=\"elementor-column elementor-col-50 elementor-top-column elementor-element elementor-element-68398b9\" data-id=\"68398b9\" data-element_type=\"column\">\n\t\t\t<div class=\"elementor-widget-wrap elementor-element-populated\">\n\t\t\t\t\t\t<div class=\"elementor-element elementor-element-1346f03 elementor-widget elementor-widget-heading\" data-id=\"1346f03\" data-element_type=\"widget\" data-widget_type=\"heading.default\">\n\t\t\t\t<div class=\"elementor-widget-container\">\n\t\t\t\t\t<h3 class=\"elementor-heading-title elementor-size-default\">Dale pa\u2019 ac\u00e1 sin miedo <\/h3>\t\t\t\t<\/div>\n\t\t\t\t<\/div>\n\t\t\t\t<div class=\"elementor-element elementor-element-65659c3 elementor-widget elementor-widget-text-editor\" data-id=\"65659c3\" data-element_type=\"widget\" data-widget_type=\"text-editor.default\">\n\t\t\t\t<div class=\"elementor-widget-container\">\n\t\t\t\t\t\t\t\t\tNuestra trayectoria nos ha permitido perfeccionar la integraci\u00f3n de herramientas tecnol\u00f3gicas, an\u00e1lisis de datos y creatividad para maximizar el impacto de cada mensaje en m\u00faltiples plataformas. Desde la gesti\u00f3n de contenido y publicidad digital hasta la implementaci\u00f3n de estrategias omnicanal, aseguramos que cada interacci\u00f3n fortalezca la identidad de la marca y genere resultados medibles.\nTrabajamos con un enfoque 360\u00b0, adapt\u00e1ndonos a las tendencias del mercado y ofreciendo soluciones personalizadas que potencian la presencia y relevancia de nuestros clientes en el entorno digital.\n\t\t\t\t\t\t\t\t<\/div>\n\t\t\t\t<\/div>\n\t\t\t\t\t<\/div>\n\t\t<\/div>\n\t\t\t\t<div class=\"elementor-column elementor-col-50 elementor-top-column elementor-element elementor-element-201302a\" data-id=\"201302a\" data-element_type=\"column\">\n\t\t\t<div class=\"elementor-widget-wrap\">\n\t\t\t\t\t\t\t<\/div>\n\t\t<\/div>\n\t\t\t\t\t<\/div>\n\t\t<\/section>\n\t\t\t\t<section class=\"elementor-section elementor-top-section elementor-element elementor-element-cdf0be8 elementor-section-boxed elementor-section-height-default elementor-section-height-default\" data-id=\"cdf0be8\" data-element_type=\"section\">\n\t\t\t\t\t\t<div class=\"elementor-container elementor-column-gap-default\">\n\t\t\t\t\t<div class=\"elementor-column elementor-col-50 elementor-top-column elementor-element elementor-element-bb49cc1\" data-id=\"bb49cc1\" data-element_type=\"column\">\n\t\t\t<div class=\"elementor-widget-wrap elementor-element-populated\">\n\t\t\t\t\t\t<section class=\"elementor-section elementor-inner-section elementor-element elementor-element-1b32d7a elementor-section-boxed elementor-section-height-default elementor-section-height-default\" data-id=\"1b32d7a\" data-element_type=\"section\">\n\t\t\t\t\t\t<div class=\"elementor-container elementor-column-gap-wide\">\n\t\t\t\t\t<div class=\"elementor-column elementor-col-50 elementor-inner-column elementor-element elementor-element-60f377f\" data-id=\"60f377f\" data-element_type=\"column\" data-settings=\"{&quot;background_background&quot;:&quot;classic&quot;}\">\n\t\t\t<div class=\"elementor-widget-wrap elementor-element-populated\">\n\t\t\t\t\t\t<div class=\"elementor-element elementor-element-611403e ekit-equal-height-enable elementor-widget elementor-widget-elementskit-icon-box\" data-id=\"611403e\" data-element_type=\"widget\" data-widget_type=\"elementskit-icon-box.default\">\n\t\t\t\t<div class=\"elementor-widget-container\">\n\t\t\t\t\t<div class=\"ekit-wid-con\" >        <!-- link opening -->\n                <a href=\"https:\/\/dentsu.com.do\/en\/servicios\/#form_service-section\" target=\"_blank\" rel=\"nofollow\" class=\"ekit_global_links\">\n                <!-- end link opening -->\n\n        <div class=\"elementskit-infobox text-left text-left icon-lef-right-aligin elementor-animation- media\">\n                            <div class=\"elementskit-box-header\">\n                <div class=\"elementskit-info-box-icon text-center\">\n                    <img decoding=\"async\" width=\"72\" height=\"72\" src=\"https:\/\/dentsu.com.do\/wp-content\/uploads\/2021\/11\/Creatividad_ICONO.svg\" class=\"attachment- size-\" alt=\"Creatividad integral\" \/>                <\/div>\n          <\/div>\n                <div class=\"box-body\">\n                            <h6 class=\"elementskit-info-box-title\">\n                    Creatividad Integral                <\/h6>\n                                            <\/div>\n        \n        \n                <\/div>\n                <\/a>\n        <\/div>\t\t\t\t<\/div>\n\t\t\t\t<\/div>\n\t\t\t\t\t<\/div>\n\t\t<\/div>\n\t\t\t\t<div class=\"elementor-column elementor-col-50 elementor-inner-column elementor-element elementor-element-857a938\" data-id=\"857a938\" data-element_type=\"column\" data-settings=\"{&quot;background_background&quot;:&quot;classic&quot;}\">\n\t\t\t<div class=\"elementor-widget-wrap elementor-element-populated\">\n\t\t\t\t\t\t<div class=\"elementor-element elementor-element-f064dd8 ekit-equal-height-enable elementor-widget elementor-widget-elementskit-icon-box\" data-id=\"f064dd8\" data-element_type=\"widget\" data-widget_type=\"elementskit-icon-box.default\">\n\t\t\t\t<div class=\"elementor-widget-container\">\n\t\t\t\t\t<div class=\"ekit-wid-con\" >        <!-- link opening -->\n                <a href=\"https:\/\/dentsu.com.do\/en\/servicios\/#form_service-section\" target=\"_blank\" rel=\"nofollow\" class=\"ekit_global_links\">\n                <!-- end link opening -->\n\n        <div class=\"elementskit-infobox text-left text-left icon-lef-right-aligin elementor-animation- media\">\n                            <div class=\"elementskit-box-header\">\n                <div class=\"elementskit-info-box-icon text-center\">\n                    <img decoding=\"async\" width=\"65\" height=\"51\" src=\"https:\/\/dentsu.com.do\/wp-content\/uploads\/2021\/11\/Estrategia_ICONO.svg\" class=\"attachment- size-\" alt=\"Estrategia de comunicaci\u00f3n multicanal\" \/>                <\/div>\n          <\/div>\n                <div class=\"box-body\">\n                            <h6 class=\"elementskit-info-box-title\">\n                    Estrategia Comunicaci\u00f3n Multicanal                <\/h6>\n                                            <\/div>\n        \n        \n                <\/div>\n                <\/a>\n        <\/div>\t\t\t\t<\/div>\n\t\t\t\t<\/div>\n\t\t\t\t\t<\/div>\n\t\t<\/div>\n\t\t\t\t\t<\/div>\n\t\t<\/section>\n\t\t\t\t<section class=\"elementor-section elementor-inner-section elementor-element elementor-element-8832113 elementor-section-boxed elementor-section-height-default elementor-section-height-default\" data-id=\"8832113\" data-element_type=\"section\">\n\t\t\t\t\t\t<div class=\"elementor-container elementor-column-gap-wide\">\n\t\t\t\t\t<div class=\"elementor-column elementor-col-50 elementor-inner-column elementor-element elementor-element-a2aeeee\" data-id=\"a2aeeee\" data-element_type=\"column\" data-settings=\"{&quot;background_background&quot;:&quot;classic&quot;}\">\n\t\t\t<div class=\"elementor-widget-wrap elementor-element-populated\">\n\t\t\t\t\t\t<div class=\"elementor-element elementor-element-b07ed13 ekit-equal-height-enable elementor-widget elementor-widget-elementskit-icon-box\" data-id=\"b07ed13\" data-element_type=\"widget\" data-widget_type=\"elementskit-icon-box.default\">\n\t\t\t\t<div class=\"elementor-widget-container\">\n\t\t\t\t\t<div class=\"ekit-wid-con\" >        <!-- link opening -->\n                <a href=\"https:\/\/dentsu.com.do\/en\/servicios\/#form_service-section\" target=\"_blank\" rel=\"nofollow\" class=\"ekit_global_links\">\n                <!-- end link opening -->\n\n        <div class=\"elementskit-infobox text-left text-left icon-lef-right-aligin elementor-animation- media\">\n                            <div class=\"elementskit-box-header\">\n                <div class=\"elementskit-info-box-icon text-center\">\n                    <img decoding=\"async\" width=\"61\" height=\"58\" src=\"https:\/\/dentsu.com.do\/wp-content\/uploads\/2021\/11\/Creacion_ICONO.svg\" class=\"attachment- size-\" alt=\"Creaci\u00f3n de contenido multiplataforma\" \/>                <\/div>\n          <\/div>\n                <div class=\"box-body\">\n                            <h6 class=\"elementskit-info-box-title\">\n                    Creaci\u00f3n de contenido multiplataforma                <\/h6>\n                                            <\/div>\n        \n        \n                <\/div>\n                <\/a>\n        <\/div>\t\t\t\t<\/div>\n\t\t\t\t<\/div>\n\t\t\t\t\t<\/div>\n\t\t<\/div>\n\t\t\t\t<div class=\"elementor-column elementor-col-50 elementor-inner-column elementor-element elementor-element-e45e35e\" data-id=\"e45e35e\" data-element_type=\"column\" data-settings=\"{&quot;background_background&quot;:&quot;classic&quot;}\">\n\t\t\t<div class=\"elementor-widget-wrap elementor-element-populated\">\n\t\t\t\t\t\t<div class=\"elementor-element elementor-element-38650cd ekit-equal-height-enable elementor-widget elementor-widget-elementskit-icon-box\" data-id=\"38650cd\" data-element_type=\"widget\" data-widget_type=\"elementskit-icon-box.default\">\n\t\t\t\t<div class=\"elementor-widget-container\">\n\t\t\t\t\t<div class=\"ekit-wid-con\" >        <!-- link opening -->\n                <a href=\"https:\/\/dentsu.com.do\/en\/servicios\/#form_service-section\" target=\"_blank\" rel=\"nofollow\" class=\"ekit_global_links\">\n                <!-- end link opening -->\n\n        <div class=\"elementskit-infobox text-left text-left icon-lef-right-aligin elementor-animation- media\">\n                            <div class=\"elementskit-box-header\">\n                <div class=\"elementskit-info-box-icon text-center\">\n                    <img loading=\"lazy\" decoding=\"async\" width=\"55\" height=\"55\" src=\"https:\/\/dentsu.com.do\/wp-content\/uploads\/2021\/11\/Analisis-de-comportamiento_ICONO.svg\" class=\"attachment- size-\" alt=\"An\u00e1lisis de comportamiento\" \/>                <\/div>\n          <\/div>\n                <div class=\"box-body\">\n                            <h6 class=\"elementskit-info-box-title\">\n                    Analisis de comportamiento y Data                <\/h6>\n                                            <\/div>\n        \n        \n                <\/div>\n                <\/a>\n        <\/div>\t\t\t\t<\/div>\n\t\t\t\t<\/div>\n\t\t\t\t\t<\/div>\n\t\t<\/div>\n\t\t\t\t\t<\/div>\n\t\t<\/section>\n\t\t\t\t\t<\/div>\n\t\t<\/div>\n\t\t\t\t<div class=\"elementor-column elementor-col-50 elementor-top-column elementor-element elementor-element-a060975 elementor-hidden-tablet\" data-id=\"a060975\" data-element_type=\"column\" data-settings=\"{&quot;background_background&quot;:&quot;classic&quot;}\">\n\t\t\t<div class=\"elementor-widget-wrap elementor-element-populated\">\n\t\t\t\t\t\t<div class=\"elementor-element elementor-element-2e70ae3 elementor-widget elementor-widget-image\" data-id=\"2e70ae3\" data-element_type=\"widget\" data-widget_type=\"image.default\">\n\t\t\t\t<div class=\"elementor-widget-container\">\n\t\t\t\t\t\t\t\t\t\t\t\t\t\t\t<img loading=\"lazy\" decoding=\"async\" width=\"2560\" height=\"1708\" src=\"https:\/\/dentsu.com.do\/wp-content\/uploads\/2025\/03\/creative-managers-crew-business-people-designer-2025-03-17-15-47-28-utc_11zon-scaled.webp\" class=\"attachment-full size-full wp-image-6660\" alt=\"\" srcset=\"https:\/\/dentsu.com.do\/wp-content\/uploads\/2025\/03\/creative-managers-crew-business-people-designer-2025-03-17-15-47-28-utc_11zon-scaled.webp 2560w, https:\/\/dentsu.com.do\/wp-content\/uploads\/2025\/03\/creative-managers-crew-business-people-designer-2025-03-17-15-47-28-utc_11zon-300x200.webp 300w, https:\/\/dentsu.com.do\/wp-content\/uploads\/2025\/03\/creative-managers-crew-business-people-designer-2025-03-17-15-47-28-utc_11zon-1024x683.webp 1024w, https:\/\/dentsu.com.do\/wp-content\/uploads\/2025\/03\/creative-managers-crew-business-people-designer-2025-03-17-15-47-28-utc_11zon-768x512.webp 768w, https:\/\/dentsu.com.do\/wp-content\/uploads\/2025\/03\/creative-managers-crew-business-people-designer-2025-03-17-15-47-28-utc_11zon-1536x1025.webp 1536w, https:\/\/dentsu.com.do\/wp-content\/uploads\/2025\/03\/creative-managers-crew-business-people-designer-2025-03-17-15-47-28-utc_11zon-2048x1366.webp 2048w, https:\/\/dentsu.com.do\/wp-content\/uploads\/2025\/03\/creative-managers-crew-business-people-designer-2025-03-17-15-47-28-utc_11zon-18x12.webp 18w\" sizes=\"(max-width: 2560px) 100vw, 2560px\" \/>\t\t\t\t\t\t\t\t\t\t\t\t\t\t\t<\/div>\n\t\t\t\t<\/div>\n\t\t\t\t\t<\/div>\n\t\t<\/div>\n\t\t\t\t\t<\/div>\n\t\t<\/section>\n\t\t\t\t<section class=\"elementor-section elementor-top-section elementor-element elementor-element-7a4330f elementor-section-boxed elementor-section-height-default elementor-section-height-default\" data-id=\"7a4330f\" data-element_type=\"section\">\n\t\t\t\t\t\t<div class=\"elementor-container elementor-column-gap-default\">\n\t\t\t\t\t<div class=\"elementor-column elementor-col-33 elementor-top-column elementor-element elementor-element-3db3735\" data-id=\"3db3735\" data-element_type=\"column\">\n\t\t\t<div class=\"elementor-widget-wrap elementor-element-populated\">\n\t\t\t\t\t\t<div class=\"elementor-element elementor-element-15f0996 elementor-widget elementor-widget-counter\" data-id=\"15f0996\" data-element_type=\"widget\" data-widget_type=\"counter.default\">\n\t\t\t\t<div class=\"elementor-widget-container\">\n\t\t\t\t\t\t\t<div class=\"elementor-counter\">\n\t\t\t<div class=\"elementor-counter-title\">Clientes conf\u00edan en la evoluci\u00f3n.<\/div>\t\t\t<div class=\"elementor-counter-number-wrapper\">\n\t\t\t\t<span class=\"elementor-counter-number-prefix\"><\/span>\n\t\t\t\t<span class=\"elementor-counter-number\" data-duration=\"6000\" data-to-value=\"50\" data-from-value=\"0\" data-delimiter=\",\">0<\/span>\n\t\t\t\t<span class=\"elementor-counter-number-suffix\">+<\/span>\n\t\t\t<\/div>\n\t\t<\/div>\n\t\t\t\t\t\t<\/div>\n\t\t\t\t<\/div>\n\t\t\t\t\t<\/div>\n\t\t<\/div>\n\t\t\t\t<div class=\"elementor-column elementor-col-33 elementor-top-column elementor-element elementor-element-cbd198e\" data-id=\"cbd198e\" data-element_type=\"column\">\n\t\t\t<div class=\"elementor-widget-wrap elementor-element-populated\">\n\t\t\t\t\t\t<div class=\"elementor-element elementor-element-d62b968 elementor-widget elementor-widget-counter\" data-id=\"d62b968\" data-element_type=\"widget\" data-widget_type=\"counter.default\">\n\t\t\t\t<div class=\"elementor-widget-container\">\n\t\t\t\t\t\t\t<div class=\"elementor-counter\">\n\t\t\t<div class=\"elementor-counter-title\">Proyectos que la rompieron.<\/div>\t\t\t<div class=\"elementor-counter-number-wrapper\">\n\t\t\t\t<span class=\"elementor-counter-number-prefix\"><\/span>\n\t\t\t\t<span class=\"elementor-counter-number\" data-duration=\"6000\" data-to-value=\"278\" data-from-value=\"0\" data-delimiter=\",\">0<\/span>\n\t\t\t\t<span class=\"elementor-counter-number-suffix\">+<\/span>\n\t\t\t<\/div>\n\t\t<\/div>\n\t\t\t\t\t\t<\/div>\n\t\t\t\t<\/div>\n\t\t\t\t\t<\/div>\n\t\t<\/div>\n\t\t\t\t<div class=\"elementor-column elementor-col-33 elementor-top-column elementor-element elementor-element-191e3b7\" data-id=\"191e3b7\" data-element_type=\"column\">\n\t\t\t<div class=\"elementor-widget-wrap elementor-element-populated\">\n\t\t\t\t\t\t<div class=\"elementor-element elementor-element-9ae4f5b elementor-widget elementor-widget-counter\" data-id=\"9ae4f5b\" data-element_type=\"widget\" data-widget_type=\"counter.default\">\n\t\t\t\t<div class=\"elementor-widget-container\">\n\t\t\t\t\t\t\t<div class=\"elementor-counter\">\n\t\t\t<div class=\"elementor-counter-title\">Brainstorms al mes.<\/div>\t\t\t<div class=\"elementor-counter-number-wrapper\">\n\t\t\t\t<span class=\"elementor-counter-number-prefix\"><\/span>\n\t\t\t\t<span class=\"elementor-counter-number\" data-duration=\"6000\" data-to-value=\"50\" data-from-value=\"0\" data-delimiter=\",\">0<\/span>\n\t\t\t\t<span class=\"elementor-counter-number-suffix\">+<\/span>\n\t\t\t<\/div>\n\t\t<\/div>\n\t\t\t\t\t\t<\/div>\n\t\t\t\t<\/div>\n\t\t\t\t\t<\/div>\n\t\t<\/div>\n\t\t\t\t\t<\/div>\n\t\t<\/section>\n\t\t\t\t<section class=\"elementor-section elementor-top-section elementor-element elementor-element-476744a elementor-section-boxed elementor-section-height-default elementor-section-height-default\" data-id=\"476744a\" data-element_type=\"section\" id=\"form_service-section\">\n\t\t\t\t\t\t<div class=\"elementor-container elementor-column-gap-default\">\n\t\t\t\t\t<div class=\"elementor-column elementor-col-50 elementor-top-column elementor-element elementor-element-3a0d1a6\" data-id=\"3a0d1a6\" data-element_type=\"column\">\n\t\t\t<div class=\"elementor-widget-wrap elementor-element-populated\">\n\t\t\t\t\t\t<div class=\"elementor-element elementor-element-1cb7188 elementor-widget elementor-widget-heading\" data-id=\"1cb7188\" data-element_type=\"widget\" data-widget_type=\"heading.default\">\n\t\t\t\t<div class=\"elementor-widget-container\">\n\t\t\t\t\t<h3 class=\"elementor-heading-title elementor-size-default\">\u00danete a la liga de los que la est\u00e1n rompiendo<\/h3>\t\t\t\t<\/div>\n\t\t\t\t<\/div>\n\t\t\t\t<div class=\"elementor-element elementor-element-b3afe63 elementor-widget elementor-widget-text-editor\" data-id=\"b3afe63\" data-element_type=\"widget\" data-widget_type=\"text-editor.default\">\n\t\t\t\t<div class=\"elementor-widget-container\">\n\t\t\t\t\t\t\t\t\t<p>Cada marca enfrenta desaf\u00edos \u00fanicos. <br \/>Por eso, nuestras soluciones son a la medida.<\/p>\t\t\t\t\t\t\t\t<\/div>\n\t\t\t\t<\/div>\n\t\t\t\t<div class=\"elementor-element elementor-element-067f571 elementor-widget elementor-widget-text-editor\" data-id=\"067f571\" data-element_type=\"widget\" data-widget_type=\"text-editor.default\">\n\t\t\t\t<div class=\"elementor-widget-container\">\n\t\t\t\t\t\t\t\t\t<p>\u00bfEstas listo para llevar tu marca al pr\u00f3ximo nivel?<\/p>\t\t\t\t\t\t\t\t<\/div>\n\t\t\t\t<\/div>\n\t\t\t\t\t<\/div>\n\t\t<\/div>\n\t\t\t\t<div class=\"elementor-column elementor-col-50 elementor-top-column elementor-element elementor-element-6581e3c\" data-id=\"6581e3c\" data-element_type=\"column\">\n\t\t\t<div class=\"elementor-widget-wrap elementor-element-populated\">\n\t\t\t\t\t\t<div class=\"elementor-element elementor-element-9700276 elementor-widget elementor-widget-elementskit-contact-form7\" data-id=\"9700276\" data-element_type=\"widget\" data-widget_type=\"elementskit-contact-form7.default\">\n\t\t\t\t<div class=\"elementor-widget-container\">\n\t\t\t\t\t<div class=\"ekit-wid-con\" ><div class=\"ekit-form\">\n<div class=\"wpcf7 no-js\" id=\"wpcf7-f1302-p18-o1\" lang=\"es-ES\" dir=\"ltr\" data-wpcf7-id=\"1302\">\n<div class=\"screen-reader-response\"><p role=\"status\" aria-live=\"polite\" aria-atomic=\"true\"><\/p> <ul><\/ul><\/div>\n<form action=\"\/en\/servicios\/\" method=\"post\" class=\"wpcf7-form init\" aria-label=\"Formulario de contacto\" novalidate=\"novalidate\" data-status=\"init\" data-trp-original-action=\"\/servicios\/#wpcf7-f1302-p18-o1\">\n<fieldset class=\"hidden-fields-container\"><input type=\"hidden\" name=\"_wpcf7\" value=\"1302\" \/><input type=\"hidden\" name=\"_wpcf7_version\" value=\"6.1.4\" \/><input type=\"hidden\" name=\"_wpcf7_locale\" value=\"es_ES\" \/><input type=\"hidden\" name=\"_wpcf7_unit_tag\" value=\"wpcf7-f1302-p18-o1\" \/><input type=\"hidden\" name=\"_wpcf7_container_post\" value=\"18\" \/><input type=\"hidden\" name=\"_wpcf7_posted_data_hash\" value=\"\" \/><input type=\"hidden\" name=\"_wpcf7cf_hidden_group_fields\" value=\"[]\" \/><input type=\"hidden\" name=\"_wpcf7cf_hidden_groups\" value=\"[]\" \/><input type=\"hidden\" name=\"_wpcf7cf_visible_groups\" value=\"[]\" \/><input type=\"hidden\" name=\"_wpcf7cf_repeaters\" value=\"[]\" \/><input type=\"hidden\" name=\"_wpcf7cf_steps\" value=\"{}\" \/><input type=\"hidden\" name=\"_wpcf7cf_options\" value=\"{&quot;form_id&quot;:1302,&quot;conditions&quot;:[],&quot;settings&quot;:{&quot;animation&quot;:&quot;yes&quot;,&quot;animation_intime&quot;:&quot;300&quot;,&quot;animation_outtime&quot;:&quot;200&quot;,&quot;conditions_ui&quot;:&quot;normal&quot;,&quot;notice_dismissed&quot;:&quot;&quot;,&quot;notice_dismissed_update-cf7-5.7.1&quot;:true,&quot;notice_dismissed_rollback-cf7-5.8.7&quot;:true}}\" \/><input type=\"hidden\" name=\"_wpcf7_recaptcha_response\" value=\"\" \/>\n<\/fieldset>\n<div class=\"form-container\">\n\t<div class=\"row\">\n\t\t<div class=\"col-md-6\">\n\t\t\t<p><span class=\"wpcf7-form-control-wrap\" data-name=\"your-name\"><input size=\"40\" maxlength=\"400\" class=\"wpcf7-form-control wpcf7-text wpcf7-validates-as-required\" aria-required=\"true\" aria-invalid=\"false\" placeholder=\"Name\" value=\"\" type=\"text\" name=\"your-name\" \/><\/span>\n\t\t\t<\/p>\n\t\t<\/div>\n\t\t<div class=\"col-md-6\">\n\t\t\t<p><span class=\"wpcf7-form-control-wrap\" data-name=\"your-lastName\"><input size=\"40\" maxlength=\"400\" class=\"wpcf7-form-control wpcf7-text wpcf7-validates-as-required\" aria-required=\"true\" aria-invalid=\"false\" placeholder=\"Last Name\" value=\"\" type=\"text\" name=\"your-lastName\" \/><\/span>\n\t\t\t<\/p>\n\t\t<\/div>\n\t<\/div>\n\t<div class=\"row\">\n\t\t<div class=\"col-md-6\">\n\t\t\t<p><span class=\"wpcf7-form-control-wrap\" data-name=\"your-company\"><input size=\"40\" maxlength=\"400\" class=\"wpcf7-form-control wpcf7-text wpcf7-validates-as-required\" aria-required=\"true\" aria-invalid=\"false\" placeholder=\"Company\" value=\"\" type=\"text\" name=\"your-company\" \/><\/span>\n\t\t\t<\/p>\n\t\t<\/div>\n\t\t<div class=\"col-md-6\">\n\t\t\t<p><span class=\"wpcf7-form-control-wrap\" data-name=\"your-industry\"><select class=\"wpcf7-form-control wpcf7-select wpcf7-validates-as-required\" aria-required=\"true\" aria-invalid=\"false\" name=\"your-industry\"><option value=\"Industria\">Industry<\/option><option value=\"Automovil\u00edsmo\">Automotive<\/option><option value=\"Electr\u00f3nica\/Electricidad\">Electronic\/Electricity<\/option><option value=\"Consultor\u00eda\">Consultancy<\/option><option value=\"Moda\/Bienes de Lujo\">Fashion\/Luxury Goods<\/option><option value=\"Servicios Financieros\/Seguros\">Financial Services\/Insurance<\/option><option value=\"Alimentos &amp; Bebidas\">Food &amp; Beverage<\/option><option value=\"Sector P\u00fablico\/Organismo del Gobierno\">Public Sector\/Governing Body<\/option><option value=\"Sector Salud\/Farmacia\">Healthcare\/Pharma<\/option><option value=\"Hoteler\u00eda\/Vacaciones\/Viajes\">Hospitality\/Leisure\/Travel<\/option><option value=\"Legal\">Legal<\/option><option value=\"Marketing\">Marketing<\/option><option value=\"Investigaci\u00f3n de Mercado\">Market Research<\/option><option value=\"Media\/Comunicaciones\">Media\/Communications<\/option><option value=\"Medios de Comunicaci\u00f3n\">News Media<\/option><option value=\"Cuidado Personal\/Cuidado del Hogar\">Personal Care\/Household Care<\/option><option value=\"Ventas\">Retail<\/option><option value=\"Deportes\/Entretenimiento\">Sports\/Entertainment<\/option><option value=\"Juguetes\/Videojuegos\">Toys\/Games<\/option><option value=\"Tecnolog\u00eda\">Technology<\/option><option value=\"Telecomunicaciones\">Telecommunications<\/option><\/select><\/span>\n\t\t\t<\/p>\n\t\t<\/div>\n\t<\/div>\n\t<p><span class=\"wpcf7-form-control-wrap\" data-name=\"your-email\"><input size=\"40\" maxlength=\"400\" class=\"wpcf7-form-control wpcf7-email wpcf7-validates-as-required wpcf7-text wpcf7-validates-as-email\" aria-required=\"true\" aria-invalid=\"false\" placeholder=\"Email Address\" value=\"\" type=\"email\" name=\"your-email\" \/><\/span>\n\t<\/p>\n\t<p><span class=\"wpcf7-form-control-wrap\" data-name=\"your-message\"><textarea cols=\"40\" rows=\"10\" maxlength=\"2000\" class=\"wpcf7-form-control wpcf7-textarea wpcf7-validates-as-required\" aria-required=\"true\" aria-invalid=\"false\" placeholder=\"Leave us a message ...\" name=\"your-message\"><\/textarea><\/span>\n\t<\/p>\n\t<p><span class=\"wpcf7-form-control-wrap\" data-name=\"acceptance-790\"><span class=\"wpcf7-form-control wpcf7-acceptance\"><span class=\"wpcf7-list-item\"><label><input type=\"checkbox\" name=\"acceptance-790\" value=\"1\" aria-invalid=\"false\" \/><span class=\"wpcf7-list-item-label\">I accept the <a href=\"https:\/\/dentsu.com.do\/en\/terminos-y-condiciones\/\" rel=\"nofollow\" style=\"color: #828282; text-decoration: underline;\">Terms and Conditions<\/a>.<\/span><\/label><\/span><\/span><\/span>\n\t<\/p>\n\t<p><input class=\"wpcf7-form-control wpcf7-submit has-spinner\" type=\"submit\" value=\"Send\" \/>\n\t<\/p>\n<\/div><div class=\"wpcf7-response-output\" aria-hidden=\"true\"><\/div>\n<input type=\"hidden\" name=\"trp-form-language\" value=\"en\"\/><\/form>\n<\/div>\n<\/div><\/div>\t\t\t\t<\/div>\n\t\t\t\t<\/div>\n\t\t\t\t\t<\/div>\n\t\t<\/div>\n\t\t\t\t\t<\/div>\n\t\t<\/section>\n\t\t\t\t<\/div>","protected":false},"excerpt":{"rendered":"<p>Dale pa\u2019 ac\u00e1 sin miedo Nuestra trayectoria nos ha permitido perfeccionar la integraci\u00f3n de herramientas tecnol\u00f3gicas, an\u00e1lisis de datos y creatividad para maximizar el impacto de cada mensaje en m\u00faltiples plataformas. Desde la gesti\u00f3n de contenido y publicidad digital hasta la implementaci\u00f3n de estrategias omnicanal, aseguramos que cada interacci\u00f3n fortalezca la identidad de la marca [&hellip;]<\/p>","protected":false},"author":1,"featured_media":4002,"parent":0,"menu_order":0,"comment_status":"closed","ping_status":"closed","template":"single-page.php","meta":{"inline_featured_image":false,"footnotes":""},"class_list":["post-18","page","type-page","status-publish","has-post-thumbnail","hentry"],"amp_enabled":true,"_links":{"self":[{"href":"https:\/\/dentsu.com.do\/en\/wp-json\/wp\/v2\/pages\/18","targetHints":{"allow":["GET"]}}],"collection":[{"href":"https:\/\/dentsu.com.do\/en\/wp-json\/wp\/v2\/pages"}],"about":[{"href":"https:\/\/dentsu.com.do\/en\/wp-json\/wp\/v2\/types\/page"}],"author":[{"embeddable":true,"href":"https:\/\/dentsu.com.do\/en\/wp-json\/wp\/v2\/users\/1"}],"replies":[{"embeddable":true,"href":"https:\/\/dentsu.com.do\/en\/wp-json\/wp\/v2\/comments?post=18"}],"version-history":[{"count":99,"href":"https:\/\/dentsu.com.do\/en\/wp-json\/wp\/v2\/pages\/18\/revisions"}],"predecessor-version":[{"id":7349,"href":"https:\/\/dentsu.com.do\/en\/wp-json\/wp\/v2\/pages\/18\/revisions\/7349"}],"wp:featuredmedia":[{"embeddable":true,"href":"https:\/\/dentsu.com.do\/en\/wp-json\/wp\/v2\/media\/4002"}],"wp:attachment":[{"href":"https:\/\/dentsu.com.do\/en\/wp-json\/wp\/v2\/media?parent=18"}],"curies":[{"name":"wp","href":"https:\/\/api.w.org\/{rel}","templated":true}]}}