{"id":4681,"date":"2023-09-29T21:32:38","date_gmt":"2023-09-29T21:32:38","guid":{"rendered":"https:\/\/dentsu.com.do\/?page_id=4681"},"modified":"2025-03-25T15:27:11","modified_gmt":"2025-03-25T15:27:11","slug":"trabaja-con-nosotros","status":"publish","type":"page","link":"https:\/\/dentsu.com.do\/en\/trabaja-con-nosotros\/","title":{"rendered":"Trabaja con Nosotros"},"content":{"rendered":"<div data-elementor-type=\"wp-page\" data-elementor-id=\"4681\" class=\"elementor elementor-4681\" data-elementor-post-type=\"page\">\n\t\t\t\t\t\t<section class=\"elementor-section elementor-top-section elementor-element elementor-element-6f0cacc7 elementor-section-height-min-height elementor-section-boxed elementor-section-height-default elementor-section-items-middle\" data-id=\"6f0cacc7\" data-element_type=\"section\" data-settings=\"{&quot;background_background&quot;:&quot;classic&quot;}\">\n\t\t\t\t\t\t\t<div class=\"elementor-background-overlay\"><\/div>\n\t\t\t\t\t\t\t<div class=\"elementor-container elementor-column-gap-default\">\n\t\t\t\t\t<div class=\"elementor-column elementor-col-100 elementor-top-column elementor-element elementor-element-112dbd4f\" data-id=\"112dbd4f\" data-element_type=\"column\">\n\t\t\t<div class=\"elementor-widget-wrap elementor-element-populated\">\n\t\t\t\t\t\t<section class=\"elementor-section elementor-inner-section elementor-element elementor-element-45d4504e elementor-section-boxed elementor-section-height-default elementor-section-height-default\" data-id=\"45d4504e\" data-element_type=\"section\">\n\t\t\t\t\t\t<div class=\"elementor-container elementor-column-gap-default\">\n\t\t\t\t\t<div class=\"elementor-column elementor-col-50 elementor-inner-column elementor-element elementor-element-27a2ee02\" data-id=\"27a2ee02\" data-element_type=\"column\">\n\t\t\t<div class=\"elementor-widget-wrap elementor-element-populated\">\n\t\t\t\t\t\t<div class=\"elementor-element elementor-element-57d2f98d general-text elementor-widget elementor-widget-heading\" data-id=\"57d2f98d\" data-element_type=\"widget\" data-widget_type=\"heading.default\">\n\t\t\t\t<div class=\"elementor-widget-container\">\n\t\t\t\t\t<h3 class=\"elementor-heading-title elementor-size-default\">Join the House of the Never before<\/h3>\t\t\t\t<\/div>\n\t\t\t\t<\/div>\n\t\t\t\t<div class=\"elementor-element elementor-element-feff5f0 elementor-widget elementor-widget-text-editor\" data-id=\"feff5f0\" data-element_type=\"widget\" data-widget_type=\"text-editor.default\">\n\t\t\t\t<div class=\"elementor-widget-container\">\n\t\t\t\t\t\t\t\t\tSi tienes un apetito insaciable por hacer que las ideas sean m\u00e1s grandes y quieres ir m\u00e1s all\u00e1 like never before, eres bienvenid@.\t\t\t\t\t\t\t\t<\/div>\n\t\t\t\t<\/div>\n\t\t\t\t\t<\/div>\n\t\t<\/div>\n\t\t\t\t<div class=\"elementor-column elementor-col-50 elementor-inner-column elementor-element elementor-element-698b5bb9\" data-id=\"698b5bb9\" data-element_type=\"column\">\n\t\t\t<div class=\"elementor-widget-wrap elementor-element-populated\">\n\t\t\t\t\t\t<div class=\"elementor-element elementor-element-6a81c8f7 elementor-widget elementor-widget-shortcode\" data-id=\"6a81c8f7\" data-element_type=\"widget\" data-widget_type=\"shortcode.default\">\n\t\t\t\t<div class=\"elementor-widget-container\">\n\t\t\t\t\t\t\t<div class=\"elementor-shortcode\"><div class=\"frm_forms  with_frm_style frm_style_estilos-formidable\" id=\"frm_form_2_container\" data-token=\"51215a21b4050544eadb7e86d9d56582\">\n<form enctype=\"multipart\/form-data\" method=\"post\" class=\"frm-show-form  frm_js_validate  frm_ajax_submit  frm_pro_form\" id=\"form_formaparte-formulario2\" data-token=\"51215a21b4050544eadb7e86d9d56582\">\n<div class=\"frm_form_fields\">\n<fieldset>\n<legend class=\"frm_screen_reader\">Forma Parte - Formulario<\/legend>\r\n\r\n<div class=\"frm_fields_container\">\n<input type=\"hidden\" name=\"frm_action\" value=\"create\" \/>\n<input type=\"hidden\" name=\"form_id\" value=\"2\" \/>\n<input type=\"hidden\" name=\"frm_hide_fields_2\" id=\"frm_hide_fields_2\" value=\"\" \/>\n<input type=\"hidden\" name=\"form_key\" value=\"formaparte-formulario2\" \/>\n<input type=\"hidden\" name=\"item_meta[0]\" value=\"\" \/>\n<input type=\"hidden\" id=\"frm_submit_entry_2\" name=\"frm_submit_entry_2\" value=\"c1d2fb2280\" \/><input type=\"hidden\" name=\"_wp_http_referer\" value=\"\/en\/wp-json\/wp\/v2\/pages\/4681\" \/><div id=\"frm_field_6_container\" class=\"frm_form_field form-field  frm_required_field frm_inside_container frm6 frm_first\">\r\n    <label for=\"field_vx0fz\" id=\"field_vx0fz_label\" class=\"frm_primary_label\">Nombre Completo\r\n        <span class=\"frm_required\" aria-hidden=\"true\">*<\/span>\r\n    <\/label>\r\n    <input type=\"text\" id=\"field_vx0fz\" name=\"item_meta[6]\" value=\"\"  placeholder=\"Introduce tu nombre completo\" data-reqmsg=\"Este campo no puede estar en blanco.\" aria-required=\"true\" data-invmsg=\"Texto no es v\u00e1lido\" aria-invalid=\"false\"  \/>\r\n    \r\n    \r\n<\/div>\n<div id=\"frm_field_7_container\" class=\"frm_form_field form-field  frm_required_field frm_inside_container frm6\">\r\n    <label for=\"field_vdbbn\" id=\"field_vdbbn_label\" class=\"frm_primary_label\">Edad\r\n        <span class=\"frm_required\" aria-hidden=\"true\">*<\/span>\r\n    <\/label>\r\n    <input type=\"number\" id=\"field_vdbbn\" name=\"item_meta[7]\" value=\"\"  placeholder=\"Introduce tu edad\" data-reqmsg=\"Este campo no puede estar en blanco.\" aria-required=\"true\" data-invmsg=\"N\u00famero no es v\u00e1lido\" aria-invalid=\"false\"   min=\"0\" max=\"99\" step=\"any\"\/>\r\n    \r\n    \r\n<\/div>\n<div id=\"frm_field_8_container\" class=\"frm_form_field form-field  frm_required_field frm_inside_container frm6 frm_first\">\r\n    <label for=\"field_rd612\" id=\"field_rd612_label\" class=\"frm_primary_label\">Correo electr\u00f3nico\r\n        <span class=\"frm_required\" aria-hidden=\"true\">*<\/span>\r\n    <\/label>\r\n    <input type=\"email\" id=\"field_rd612\" name=\"item_meta[8]\" value=\"\"  placeholder=\"Introduce tu correo electr\u00f3nico\" data-reqmsg=\"Este campo no puede estar en blanco.\" aria-required=\"true\" data-invmsg=\"Correo electr\u00f3nico no es v\u00e1lido\" aria-invalid=\"false\"  \/>\r\n    \r\n    \r\n<\/div>\n<div id=\"frm_field_9_container\" class=\"frm_form_field form-field  frm_required_field frm_inside_container frm6\">\r\n    <label for=\"field_x2zk5\" id=\"field_x2zk5_label\" class=\"frm_primary_label\">Phone\r\n        <span class=\"frm_required\" aria-hidden=\"true\">*<\/span>\r\n    <\/label>\r\n    <input type=\"tel\" id=\"field_x2zk5\" name=\"item_meta[9]\" value=\"\"  placeholder=\"Phone\" data-reqmsg=\"Tel\u00e9fono no puede estar vac\u00edo.\" aria-required=\"true\" data-invmsg=\"Tel\u00e9fono is invalid\" aria-invalid=\"false\" pattern=\"((\\+\\d{1,3}(-|.| )?\\(?\\d\\)?(-| |.)?\\d{1,5})|(\\(?\\d{2,6}\\)?))(-|.| )?(\\d{3,4})(-|.| )?(\\d{4})(( x| ext)\\d{1,5}){0,1}$\"  \/>\r\n    \r\n    \r\n<\/div>\n<div id=\"frm_field_10_container\" class=\"frm_form_field form-field  frm_required_field frm_hidden_container frm6 frm_first frm_other_container\">\r\n    <label for=\"field_6hsq0\" id=\"field_6hsq0_label\" class=\"frm_primary_label\">Puesto la que aplica\r\n        <span class=\"frm_required\" aria-hidden=\"true\">*<\/span>\r\n    <\/label>\r\n    \t\t<select name=\"item_meta[10]\" id=\"field_6hsq0\"  data-reqmsg=\"Este campo no puede estar en blanco.\" aria-required=\"true\" data-invmsg=\"Puesto la que aplica is invalid\" aria-invalid=\"false\"  >\n\t\t<option  value=\"Puesto al que aplica\" class=\"frm_other_trigger\">Position to Apply<\/option><option  value=\"Strategic Planning Director\">Strategic Planning Director<\/option><option  value=\"Strategic Planning Senior\">Strategic Planning Senior<\/option><option  value=\"Digital Media Planner\">Digital Media Planner<\/option><option  value=\"Content Creator Senior\">Content Creator Senior<\/option><option  value=\"Data Director\">Data Director<\/option><option  value=\"Data Coordinator\">Data Coordinator<\/option><option  value=\"Account Director\">Account Director<\/option><option  value=\"Community Manager\">Community Manager<\/option><option  value=\"Digital Media Buyer\">Digital Media Buyer<\/option><option  value=\"Graphic Designer\">Graphic Designer<\/option><option  value=\"Account Executive\">Account Executive<\/option><option  value=\"Content Creator\">Content Creator<\/option>\t<\/select>\n\t<label for=\"field_6hsq0-otext\" class=\"frm_screen_reader frm_hidden\">Puesto la que aplica<\/label><input type=\"text\" id=\"field_6hsq0-otext\" class=\"frm_other_input frm_pos_none\"  name=\"item_meta[other][10]\" value=\"\" \/>\r\n    \r\n    \r\n<\/div>\n<div id=\"frm_field_11_container\" class=\"frm_form_field form-field  frm_required_field frm_inside_container frm_label_float_top frm6\">\r\n    <label for=\"field_1xzqg\" id=\"field_1xzqg_label\" class=\"frm_primary_label\">\u00bfTrabaja actualmente?\r\n        <span class=\"frm_required\" aria-hidden=\"true\">*<\/span>\r\n    <\/label>\r\n    \t\t<select name=\"item_meta[11]\" id=\"field_1xzqg\"  data-placeholder=\"\u00bfTrabaja actualmente?\"  data-frmval=\"Si\" data-frmplaceholder=\"\u00bfTrabaja actualmente?\" placeholder=\"\u00bfTrabaja actualmente?\" data-reqmsg=\"\u00bfTrabaja actualmente? no puede estar vac\u00edo.\" aria-required=\"true\" data-invmsg=\"\u00bfTrabaja actualmente? is invalid\" aria-invalid=\"false\"  >\n\t\t<option  class=\"frm-select-placeholder\" value=\"\" data-placeholder=\"true\">\u00bfTrabaja actualmente?<\/option><option  value=\"Si\" selected='selected'>Si<\/option><option  value=\"No\">No<\/option>\t<\/select>\n\t\r\n    \r\n    \r\n<\/div>\n<div id=\"frm_field_12_container\" class=\"frm_form_field form-field  frm_required_field frm_inside_container frm_label_float_top frm6 frm_first\">\r\n    <label for=\"field_cq05u\" id=\"field_cq05u_label\" class=\"frm_primary_label\">Titulaci\u00f3n alcanzada\r\n        <span class=\"frm_required\" aria-hidden=\"true\">*<\/span>\r\n    <\/label>\r\n    \t\t<select name=\"item_meta[12]\" id=\"field_cq05u\"  data-frmval=\"Bachiller\" data-reqmsg=\"Titulaci\u00f3n alcanzada no puede estar vac\u00edo.\" aria-required=\"true\" data-invmsg=\"Titulaci\u00f3n alcanzada is invalid\" aria-invalid=\"false\"  >\n\t\t<option  value=\"Bachiller\" selected='selected'>Bachiller<\/option><option  value=\"Grado\">Grado<\/option><option  value=\"Licenciatura\">Licenciatura<\/option><option  value=\"Ingenier\u00eda\">Ingenier\u00eda<\/option>\t<\/select>\n\t\r\n    \r\n    \r\n<\/div>\n<div id=\"frm_field_13_container\" class=\"frm_form_field form-field  frm_required_field frm_inside_container frm6\">\r\n    <label for=\"field_odpto\" id=\"field_odpto_label\" class=\"frm_primary_label\">\u00c1rea\r\n        <span class=\"frm_required\" aria-hidden=\"true\">*<\/span>\r\n    <\/label>\r\n    <input type=\"text\" id=\"field_odpto\" name=\"item_meta[13]\" value=\"\"  data-reqmsg=\"\u00c1rea no puede estar vac\u00edo.\" aria-required=\"true\" data-invmsg=\"Texto no es v\u00e1lido\" aria-invalid=\"false\"  \/>\r\n    \r\n    \r\n<\/div>\n<div id=\"frm_field_14_container\" class=\"frm_form_field form-field  frm_inside_container frm6 frm_first\">\r\n    <label for=\"field_rfb4d\" id=\"field_rfb4d_label\" class=\"frm_primary_label\">Salario al que aspira\r\n        <span class=\"frm_required\" aria-hidden=\"true\"><\/span>\r\n    <\/label>\r\n    <div class=\"frm_input_group frm_with_box frm_with_pre\"><span class=\"frm_inline_box\">RD$<\/span><input type=\"number\" id=\"field_rfb4d\" name=\"item_meta[14]\" value=\"\"  data-invmsg=\"N\u00famero no es v\u00e1lido\" aria-invalid=\"false\"   min=\"20000\" max=\"250000\" step=\"any\"\/><\/div>\r\n    \r\n    \r\n<\/div>\n<div id=\"frm_field_15_container\" class=\"frm_form_field form-field  frm_required_field frm_inside_container frm_label_float_top frm6\">\r\n    <label for=\"field_5b379\" id=\"field_5b379_label\" class=\"frm_primary_label\">\u00bfCu\u00e1l es su disponibilidad para trabajar?\r\n        <span class=\"frm_required\" aria-hidden=\"true\">*<\/span>\r\n    <\/label>\r\n    \t\t<select name=\"item_meta[15]\" id=\"field_5b379\"  data-placeholder=\"\u00bfCu\u00e1l es su disponibilidad para trabajar?\"  data-frmval=\"Inmediatamente\" data-frmplaceholder=\"\u00bfCu\u00e1l es su disponibilidad para trabajar?\" placeholder=\"\u00bfCu\u00e1l es su disponibilidad para trabajar?\" data-reqmsg=\"\u00bfCu\u00e1l es su disponibilidad para trabajar? no puede estar vac\u00edo.\" aria-required=\"true\" data-invmsg=\"\u00bfCu\u00e1l es su disponibilidad para trabajar? is invalid\" aria-invalid=\"false\"  >\n\t\t<option  class=\"frm-select-placeholder\" value=\"\" data-placeholder=\"true\">\u00bfCu\u00e1l es su disponibilidad para trabajar?<\/option><option  value=\"Inmediatamente\" selected='selected'>Inmediatamente<\/option><option  value=\"Necesitar\u00eda un poco de tiempo\">Necesitar\u00eda un poco de tiempo<\/option>\t<\/select>\n\t\r\n    \r\n    \r\n<\/div>\n<div id=\"frm_field_16_container\" class=\"frm_form_field form-field  frm_inside_container frm_label_float_top frm6 frm_first\">\r\n    <label for=\"field_8135q\" id=\"field_8135q_label\" class=\"frm_primary_label\">Subir documentaci\u00f3n requerida\r\n        <span class=\"frm_required\" aria-hidden=\"true\"><\/span>\r\n    <\/label>\r\n    \t\t<select name=\"item_meta[16]\" id=\"field_8135q\"  data-frmval=\"Curr\u00edculum Vitae\" data-invmsg=\"Subir documentaci\u00f3n requerida is invalid\" aria-invalid=\"false\"  >\n\t\t<option  value=\"Curr\u00edculum Vitae\" selected='selected'>Curr\u00edculum Vitae<\/option><option  value=\"Portafolio\">Portfolio<\/option>\t<\/select>\n\t\r\n    \r\n    \r\n<\/div>\n<div id=\"frm_field_17_container\" class=\"frm_form_field form-field  frm_required_field frm_top_container frm6\">\r\n    <label for=\"field_plh2p\" id=\"field_plh2p_label\" class=\"frm_primary_label\">Curr\u00edculum Vitae\r\n        <span class=\"frm_required\" aria-hidden=\"true\">*<\/span>\r\n    <\/label>\r\n    <input type=\"hidden\" name=\"item_meta[17]\"  data-reqmsg=\"Este campo no puede estar en blanco.\"  value=\"\" data-frmfile=\"17\" \/>\r\n\r\n<div class=\"frm_dropzone frm_single_upload frm_clearfix\" id=\"file17_dropzone\" role=\"group\" >\r\n\t<div class=\"fallback\">\r\n\t\t<input type=\"file\" name=\"file17\" id=\"field_plh2p\"\r\n\t\t\t data-reqmsg=\"Este campo no puede estar en blanco.\" data-invmsg=\"Subida de archivo no es v\u00e1lido\" class=\"auto_width\" aria-invalid=\"false\"  \t\t\t\/>\r\n\t\t\t\t<div class=\"frm_clearfix\"><\/div>\r\n\t<\/div>\r\n\t<div class=\"dz-message needsclick\">\r\n\t\t<span class=\"frm_icon_font frm_upload_icon\"><\/span>\r\n\t\t<span class=\"frm_upload_text\"><button type=\"button\">Adjunte su CV (docx, pdf)<\/button><\/span>\r\n\t\t<span class=\"frm_compact_text\"><button type=\"button\"><\/button><\/span>\r\n\t\t<div class=\"frm_small_text\">\r\n\t\t\t<p>Maximum file size: 5MB<\/p>\r\n\t\t<\/div>\r\n\t<\/div>\r\n<\/div>\r\n\r\n    \r\n    \r\n<\/div>\n<div id=\"frm_field_18_container\" class=\"frm_form_field form-field  frm_required_field frm_top_container frm12 frm_first horizontal_radio\">\r\n    <div  id=\"field_8g7jp_label\" class=\"frm_primary_label\">Portfolio\r\n        <span class=\"frm_required\" aria-hidden=\"true\">*<\/span>\r\n    <\/div>\r\n    <div class=\"frm_opt_container\" aria-labelledby=\"field_8g7jp_label\" role=\"radiogroup\" aria-required=\"true\">\t\t<div class=\"frm_radio\" id=\"frm_radio_18-0\">\t\t\t<label  for=\"field_8g7jp-0\">\n\t\t\t\t\t<input type=\"radio\" name=\"item_meta[18]\" id=\"field_8g7jp-0\" value=\"URL\"\n\t\tchecked=\"checked\"   data-frmval=\"URL\" data-reqmsg=\"Portafolio no puede estar vac\u00edo.\" data-invmsg=\"Portafolio is invalid\" aria-invalid=\"false\"  \/> URL<\/label><\/div>\n\t\t<div class=\"frm_radio\" id=\"frm_radio_18-1\">\t\t\t<label  for=\"field_8g7jp-1\">\n\t\t\t\t\t<input type=\"radio\" name=\"item_meta[18]\" id=\"field_8g7jp-1\" value=\"Documento (docx, pdf)\"\n\t\t   data-frmval=\"URL\" data-reqmsg=\"Portafolio no puede estar vac\u00edo.\" data-invmsg=\"Portafolio is invalid\" aria-invalid=\"false\"  \/> Documento (docx, pdf)<\/label><\/div>\n<\/div>\r\n    \r\n    \r\n<\/div>\n<div id=\"frm_field_19_container\" class=\"frm_form_field form-field  frm_top_container frm6 frm12 frm_first\">\r\n    <label for=\"field_6o5l4\" id=\"field_6o5l4_label\" class=\"frm_primary_label\">Portfolio\r\n        <span class=\"frm_required\" aria-hidden=\"true\"><\/span>\r\n    <\/label>\r\n    <input type=\"hidden\" name=\"item_meta[19]\"  value=\"\" data-frmfile=\"19\" \/>\r\n\r\n<div class=\"frm_dropzone frm_single_upload frm_clearfix\" id=\"file19_dropzone\" role=\"group\" >\r\n\t<div class=\"fallback\">\r\n\t\t<input type=\"file\" name=\"file19\" id=\"field_6o5l4\"\r\n\t\t\t data-invmsg=\"Subida de archivo no es v\u00e1lido\" class=\"auto_width\" aria-invalid=\"false\"  \t\t\t\/>\r\n\t\t\t\t<div class=\"frm_clearfix\"><\/div>\r\n\t<\/div>\r\n\t<div class=\"dz-message needsclick\">\r\n\t\t<span class=\"frm_icon_font frm_upload_icon\"><\/span>\r\n\t\t<span class=\"frm_upload_text\"><button type=\"button\">Adjunte su portafolio (docx, pdf)<\/button><\/span>\r\n\t\t<span class=\"frm_compact_text\"><button type=\"button\"><\/button><\/span>\r\n\t\t<div class=\"frm_small_text\">\r\n\t\t\t<p>Maximum file size: 5MB<\/p>\r\n\t\t<\/div>\r\n\t<\/div>\r\n<\/div>\r\n\r\n    \r\n    \r\n<\/div>\n<div id=\"frm_field_20_container\" class=\"frm_form_field form-field  frm_top_container frm6\">\r\n    <label for=\"field_1d5k9\" id=\"field_1d5k9_label\" class=\"frm_primary_label\">Portafolio (URL)\r\n        <span class=\"frm_required\" aria-hidden=\"true\"><\/span>\r\n    <\/label>\r\n    <input type=\"url\" id=\"field_1d5k9\" name=\"item_meta[20]\" value=\"\"  placeholder=\"Introduzca la URL o Link del portafolio\" data-invmsg=\"Sitio Web\/URL no es v\u00e1lido\" aria-invalid=\"false\"  \/>\r\n    \r\n    \r\n<\/div>\n<div id=\"frm_field_22_container\" class=\"frm_form_field  frm_html_container form-field\">\n<p class=\"form-message\">Al someter este formulario estas aceptando nuestros <a class=\"terms-link\" style=\"color: #add8e6; text-decoration: none;\" href=\"https:\/\/dentsu.com.do\/en\/terminos-y-condiciones\/\" target=\"_blank\" rel=\"noopener\">Terms and Conditions<\/a><\/p>\n<\/div>\n<div id=\"frm_field_68_container\" class=\"frm_form_field form-field\">\r\n\t<div class=\"frm_submit\">\r\n\r\n<button class=\"frm_button_submit frm_final_submit\" type=\"submit\"   formnovalidate=\"formnovalidate\">Send<\/button>\r\n\r\n\r\n<\/div>\r\n<\/div>\n\t<input type=\"hidden\" name=\"item_key\" value=\"\" \/>\n\t\t\t\t<div class=\"frm__65cbda5a2a65c\">\n\t\t\t\t<label for=\"frm_email_2\" >\n\t\t\t\t\tIf you are human, leave this field blank.\t\t\t\t<\/label>\n\t\t\t\t<input  id=\"frm_email_2\" type=\"text\" class=\"frm_verify\" name=\"frm__65cbda5a2a65c\" value=\"\" autocomplete=\"off\"  \/>\n\t\t\t<\/div>\n\t\t<input name=\"frm_state\" type=\"hidden\" value=\"X4+NhipIMsqTNGFx4HKv6fn24JSV0uphOVaPyjAGALk=\" \/><\/div>\n<\/fieldset>\n<\/div>\n<input type=\"hidden\" name=\"trp-form-language\" value=\"en\"\/><\/form>\n<\/div>\n<\/div>\n\t\t\t\t\t\t<\/div>\n\t\t\t\t<\/div>\n\t\t\t\t\t<\/div>\n\t\t<\/div>\n\t\t\t\t\t<\/div>\n\t\t<\/section>\n\t\t\t\t\t<\/div>\n\t\t<\/div>\n\t\t\t\t\t<\/div>\n\t\t<\/section>\n\t\t\t\t<\/div>","protected":false},"excerpt":{"rendered":"<p>Join the House of the Never before Si tienes un apetito insaciable por hacer que las ideas sean m\u00e1s grandes y quieres ir m\u00e1s all\u00e1 like never before, eres bienvenid@.<\/p>","protected":false},"author":1,"featured_media":0,"parent":0,"menu_order":0,"comment_status":"closed","ping_status":"closed","template":"","meta":{"inline_featured_image":false,"footnotes":""},"class_list":["post-4681","page","type-page","status-publish","hentry"],"amp_enabled":true,"_links":{"self":[{"href":"https:\/\/dentsu.com.do\/en\/wp-json\/wp\/v2\/pages\/4681","targetHints":{"allow":["GET"]}}],"collection":[{"href":"https:\/\/dentsu.com.do\/en\/wp-json\/wp\/v2\/pages"}],"about":[{"href":"https:\/\/dentsu.com.do\/en\/wp-json\/wp\/v2\/types\/page"}],"author":[{"embeddable":true,"href":"https:\/\/dentsu.com.do\/en\/wp-json\/wp\/v2\/users\/1"}],"replies":[{"embeddable":true,"href":"https:\/\/dentsu.com.do\/en\/wp-json\/wp\/v2\/comments?post=4681"}],"version-history":[{"count":55,"href":"https:\/\/dentsu.com.do\/en\/wp-json\/wp\/v2\/pages\/4681\/revisions"}],"predecessor-version":[{"id":6595,"href":"https:\/\/dentsu.com.do\/en\/wp-json\/wp\/v2\/pages\/4681\/revisions\/6595"}],"wp:attachment":[{"href":"https:\/\/dentsu.com.do\/en\/wp-json\/wp\/v2\/media?parent=4681"}],"curies":[{"name":"wp","href":"https:\/\/api.w.org\/{rel}","templated":true}]}}