{"id":6051,"date":"2024-08-14T16:33:13","date_gmt":"2024-08-14T16:33:13","guid":{"rendered":"https:\/\/dentsu.com.do\/?page_id=6051"},"modified":"2024-08-14T19:16:29","modified_gmt":"2024-08-14T19:16:29","slug":"thank-you-page-kamada","status":"publish","type":"page","link":"https:\/\/dentsu.com.do\/en\/thank-you-page-kamada\/","title":{"rendered":"Thank You Page kamada"},"content":{"rendered":"<div data-elementor-type=\"wp-page\" data-elementor-id=\"6051\" class=\"elementor elementor-6051\" data-elementor-post-type=\"page\">\n\t\t\t\t\t\t<section class=\"elementor-section elementor-top-section elementor-element elementor-element-a030574 elementor-section-full_width elementor-section-height-min-height elementor-section-height-default elementor-section-items-middle\" data-id=\"a030574\" data-element_type=\"section\" data-settings=\"{&quot;background_background&quot;:&quot;classic&quot;}\">\n\t\t\t\t\t\t<div class=\"elementor-container elementor-column-gap-default\">\n\t\t\t\t\t<div class=\"elementor-column elementor-col-33 elementor-top-column elementor-element elementor-element-2c6eaec elementor-hidden-mobile\" data-id=\"2c6eaec\" data-element_type=\"column\">\n\t\t\t<div class=\"elementor-widget-wrap\">\n\t\t\t\t\t\t\t<\/div>\n\t\t<\/div>\n\t\t\t\t<div class=\"elementor-column elementor-col-33 elementor-top-column elementor-element elementor-element-b5b9144\" data-id=\"b5b9144\" data-element_type=\"column\">\n\t\t\t<div class=\"elementor-widget-wrap elementor-element-populated\">\n\t\t\t\t\t\t<div class=\"elementor-element elementor-element-f55245a elementor-widget__width-initial elementor-widget elementor-widget-html\" data-id=\"f55245a\" data-element_type=\"widget\" data-widget_type=\"html.default\">\n\t\t\t\t<div class=\"elementor-widget-container\">\n\t\t\t\t\t<style>\r\n   \r\n    .container-tkp {\r\n        position: relative; \/* Importante para posicionar el logo respecto a este contenedor *\/\r\n        width: 90%; \/* Ajusta el ancho seg\u00fan necesites *\/\r\n        margin: auto; \/* Centrado y espacio alrededor *\/\r\n        padding: 20px;\r\n        border-style: solid; \/* Estilo de borde s\u00f3lido *\/\r\n        border-width: 1px; \/* Ancho del borde *\/\r\n        border-color: #FFFFFF; \/* Color del borde *\/\r\n        border-radius: 40px; \/* Radio del borde redondeado *\/\r\n        box-shadow: 0 0 15px rgba(0,0,0,0.2); \/* Sombra opcional para profundidad *\/\r\n        color: white; \/* Color del texto *\/\r\n        background: rgba(0, 0, 0, 0.8); \/* Fondo oscuro con algo de transparencia *\/\r\n        display: flex;\r\n        flex-direction: column;\r\n        justify-content: center;\r\n        align-items: center;\r\n        text-align: center; \/* Alinea el texto al centro *\/\r\n    }\r\n\r\n    .container-tkp::before {\r\n        content: \"\";\r\n        position: absolute;\r\n        top: -1px; \/* Ajustar para que el corte est\u00e9 justo en el borde superior *\/\r\n        left: 50%;\r\n        width: 355px; \/* Ancho del corte m\u00e1s grande *\/\r\n        height: 20px; \/* Altura del corte para que sea m\u00e1s notable *\/\r\n        background-color: rgb(0, 0, 0); \/* Color de fondo igual al del body *\/\r\n        transform: translateX(-50%);\r\n        border-radius: 0 0 20px 20px; \/* Redondear solo las esquinas inferiores *\/\r\n    }\r\n    .text-wrapper {\r\n        font-size: 36px;\r\n        font-weight: 700;\r\n        margin: 0; \/* Elimina el margen para reducir el espacio *\/\r\n        margin-top: 150px;\r\n    }\r\n    .text-wrapper-2 {\r\n        color: #FFF;\r\n        font-family: Montserrat;\r\n        font-size: 24.42px;\r\n        font-style: normal;\r\n        font-weight: 300;\r\n        line-height: normal;\r\n        margin-bottom: -5px;\r\n        margin-top: -5px;\r\n    }\r\n    .text-wrapper-3 {\r\n        color: #FFF;\r\n        font-family: Montserrat;\r\n        font-size: 36px;\r\n        font-style: normal;\r\n        font-weight: 700;\r\n        line-height: normal;\r\nmargin-bottom:30px;    }\r\n    .mid-text {\r\n        width: 300px;\r\n        font-size: 20.78px;\r\n        color: #FFF;\r\n        font-family: Montserrat;\r\n        font-style: normal;\r\n        font-weight: 300;\r\n        line-height: normal;\r\n        margin: 0;\r\n        margin-bottom: 35%;\r\n    }\r\n    .instagram-name {\r\n        color: #FFF;\r\nfont-family: Montserrat;\r\nfont-size: 14px;\r\nfont-style: normal;\r\nfont-weight: 600;\r\nline-height: normal; \/* Elimina el margen para reducir el espacio *\/\r\n    }\r\n    .logo-container2 {\r\n        display: flex;\r\n        justify-content: center;\r\n        align-items: center;\r\n        margin-top: 20px;\r\n        margin-bottom: 20px;\r\n    }\r\n    .logo-dentsu2, .logo-lavara2, .separator2 {\r\n        height: auto; \/* Ajusta la altura autom\u00e1ticamente *\/\r\n        margin: 0 10px; \/* Espaciado horizontal *\/\r\n        margin-bottom: 10px;\r\n    }\r\n    .logo-dentsu-tk{\r\n        margin-bottom: 30px;\r\n    }\r\n    .kamada-logo {\r\n        position: absolute; \/* Posicionamiento absoluto respecto al contenedor .container-tkp *\/\r\n        top: -50px; \/* Ajusta este valor para posicionar correctamente el logo *\/\r\n        left: 50%; \/* Centra el logo horizontalmente *\/\r\n        transform: translateX(-50%); \/* Ajuste fino para centrar exactamente el logo *\/\r\n        width: 250px; \/* Ajusta el tama\u00f1o del logo seg\u00fan necesites *\/\r\n    }\r\n    \r\n    @media (max-width: 768px) {\r\n        .container-tkp {\r\n            width: 100%;\r\n        }\r\n       .text-wrapper{\r\n    font-size: 25px !important;\r\n}\r\n\r\n.text-wrapper-2{\r\n    font-size: 17px !important;\r\nmargin-bottom: 5px !important;\r\n    margin-top: 5px !important;\r\n}\r\n\r\n.text-wrapper-3 {\r\n        font-size: 35px !important;\r\n}\r\n\r\n.mid-text{\r\n    font-size: 17px !important;    \r\nmargin-bottom: 30% !important;\r\n}\r\n\r\nimg.logo-lavara2 {\r\n    height: 25px;\r\n}\r\nimg.separator2 {\r\n    margin-right: 1px;\r\n}\r\n.kamada-logo {\r\n    position: absolute;\r\n    top: -41px;\r\n    left: 50%;\r\n    transform: translateX(-50%);\r\n    width: 210px;\r\n}\r\n.container-tkp::before {\r\n    width: 230px;\r\n\r\n}\r\n    }\r\n<\/style>\r\n\r\n<div class=\"container-tkp\">\r\n    <img decoding=\"async\" src=\"https:\/\/dentsu.com.do\/wp-content\/uploads\/2024\/08\/kamada-logo.svg\" alt=\"Logo Kamada\" class=\"kamada-logo\">\r\n    <div class=\"text-wrapper\">Listo<\/div>\r\n    <p class=\"text-wrapper-2\">ya est\u00e1s m\u00e1s cerca de ser parte de la<\/p>\r\n    <div class=\"text-wrapper-3\">Kamada Dentsu<\/div>\r\n    <div class=\"overlap-wrapper\">\r\n        <div class=\"overlap-2\">\r\n            <p class=\"mid-text\">Mantente atento a nuestras redes para m\u00e1s informaci\u00f3n<\/p>\r\n        <\/div>\r\n        <div class=\"image-text\">\r\n            <a href=\"https:\/\/dentsu.com.do\/en\/\" target=\"_blank\">\r\n                <img decoding=\"async\" class=\"logo-dentsu2\" id=\"logo-dentsu-tk\" src=\"https:\/\/dentsu.com.do\/wp-content\/uploads\/2024\/08\/Group-7.png\" alt=\"Logo Dentsu\">\r\n            <\/a>\r\n            <p><a class=\"instagram-name\" href=\"https:\/\/www.instagram.com\/dentsudominicana\/?hl=es\">@dentsudominicana<\/a><\/p>\r\n        <\/div>\r\n    <\/div>\r\n    <div class=\"container-2\">\r\n        <div class=\"logo-container2\">\r\n            <a href=\"https:\/\/dentsu.com.do\/en\/\" target=\"_blank\">\r\n                <img decoding=\"async\" class=\"logo-dentsu2\" src=\"https:\/\/dentsu.com.do\/wp-content\/uploads\/2024\/08\/Dentsu-logo.svg\" alt=\"Logo Dentsu\">\r\n            <\/a>\r\n            <img decoding=\"async\" class=\"separator2\" src=\"https:\/\/dentsu.com.do\/wp-content\/uploads\/2024\/08\/Separador-logo.svg\" alt=\"Separador\">\r\n            <a href=\"https:\/\/www.adecc.com.do\/premioslavara\" target=\"_blank\">\r\n                <img decoding=\"async\" class=\"logo-lavara2\" src=\"https:\/\/dentsu.com.do\/wp-content\/uploads\/2024\/08\/lavara-logo.svg\" alt=\"Logo Lavara\">\r\n            <\/a>\r\n        <\/div>\r\n    <\/div>\r\n<\/div>\t\t\t\t<\/div>\n\t\t\t\t<\/div>\n\t\t\t\t\t<\/div>\n\t\t<\/div>\n\t\t\t\t<div class=\"elementor-column elementor-col-33 elementor-top-column elementor-element elementor-element-4e11fd0 elementor-hidden-mobile\" data-id=\"4e11fd0\" data-element_type=\"column\">\n\t\t\t<div class=\"elementor-widget-wrap\">\n\t\t\t\t\t\t\t<\/div>\n\t\t<\/div>\n\t\t\t\t\t<\/div>\n\t\t<\/section>\n\t\t\t\t<\/div>","protected":false},"excerpt":{"rendered":"<p>Listo ya est\u00e1s m\u00e1s cerca de ser parte de la Kamada Dentsu Mantente atento a nuestras redes para m\u00e1s informaci\u00f3n @dentsudominicana<\/p>","protected":false},"author":1,"featured_media":0,"parent":0,"menu_order":0,"comment_status":"closed","ping_status":"closed","template":"elementor_canvas","meta":{"inline_featured_image":false,"footnotes":""},"class_list":["post-6051","page","type-page","status-publish","hentry"],"amp_enabled":true,"_links":{"self":[{"href":"https:\/\/dentsu.com.do\/en\/wp-json\/wp\/v2\/pages\/6051","targetHints":{"allow":["GET"]}}],"collection":[{"href":"https:\/\/dentsu.com.do\/en\/wp-json\/wp\/v2\/pages"}],"about":[{"href":"https:\/\/dentsu.com.do\/en\/wp-json\/wp\/v2\/types\/page"}],"author":[{"embeddable":true,"href":"https:\/\/dentsu.com.do\/en\/wp-json\/wp\/v2\/users\/1"}],"replies":[{"embeddable":true,"href":"https:\/\/dentsu.com.do\/en\/wp-json\/wp\/v2\/comments?post=6051"}],"version-history":[{"count":106,"href":"https:\/\/dentsu.com.do\/en\/wp-json\/wp\/v2\/pages\/6051\/revisions"}],"predecessor-version":[{"id":6166,"href":"https:\/\/dentsu.com.do\/en\/wp-json\/wp\/v2\/pages\/6051\/revisions\/6166"}],"wp:attachment":[{"href":"https:\/\/dentsu.com.do\/en\/wp-json\/wp\/v2\/media?parent=6051"}],"curies":[{"name":"wp","href":"https:\/\/api.w.org\/{rel}","templated":true}]}}